{"id":209,"date":"2026-02-23T19:14:49","date_gmt":"2026-02-23T18:14:49","guid":{"rendered":"https:\/\/autocavelj.com\/?page_id=209"},"modified":"2026-03-05T19:22:47","modified_gmt":"2026-03-05T18:22:47","slug":"karijera","status":"publish","type":"page","link":"https:\/\/autocavelj.com\/it\/karijera\/","title":{"rendered":"Carriera"},"content":{"rendered":"<div data-elementor-type=\"wp-page\" data-elementor-id=\"209\" class=\"elementor elementor-209\" data-elementor-post-type=\"page\">\n\t\t\t\t\t\t<section class=\"elementor-section elementor-top-section elementor-element elementor-element-7a2ca176 elementor-section-full_width elementor-section-height-min-height animated-slow elementor-section-height-default elementor-section-items-middle elementor-invisible\" data-id=\"7a2ca176\" data-element_type=\"section\" data-e-type=\"section\" data-settings=\"{&quot;background_background&quot;:&quot;classic&quot;,&quot;animation&quot;:&quot;fadeIn&quot;}\">\n\t\t\t\t\t\t\t<div class=\"elementor-background-overlay\"><\/div>\n\t\t\t\t\t\t\t<div class=\"elementor-container elementor-column-gap-default\">\n\t\t\t\t\t<div class=\"elementor-column elementor-col-100 elementor-top-column elementor-element elementor-element-69424c4\" data-id=\"69424c4\" data-element_type=\"column\" data-e-type=\"column\">\n\t\t\t<div class=\"elementor-widget-wrap elementor-element-populated\">\n\t\t\t\t\t\t<div class=\"elementor-element elementor-element-71404168 elementor-widget elementor-widget-heading\" data-id=\"71404168\" data-element_type=\"widget\" data-e-type=\"widget\" data-widget_type=\"heading.default\">\n\t\t\t\t\t<h2 class=\"elementor-heading-title elementor-size-default\">Carriera<\/h2>\t\t\t\t<\/div>\n\t\t\t\t<div class=\"elementor-element elementor-element-134a38c1 elementor-align-center elementor-widget elementor-widget-breadcrumbs\" data-id=\"134a38c1\" data-element_type=\"widget\" data-e-type=\"widget\" data-widget_type=\"breadcrumbs.default\">\n\t\t\t\t\t<p id=\"breadcrumbs\"><span><span><a href=\"https:\/\/autocavelj.com\/it\/\">Auto \u010cavelj<\/a><\/span><\/span><\/p>\t\t\t\t<\/div>\n\t\t\t\t\t<\/div>\n\t\t<\/div>\n\t\t\t\t\t<\/div>\n\t\t<\/section>\n\t\t\t\t<section class=\"elementor-section elementor-top-section elementor-element elementor-element-5fc4d69a elementor-section-boxed elementor-section-height-default elementor-section-height-default\" data-id=\"5fc4d69a\" data-element_type=\"section\" data-e-type=\"section\">\n\t\t\t\t\t\t<div class=\"elementor-container elementor-column-gap-default\">\n\t\t\t\t\t<div class=\"elementor-column elementor-col-100 elementor-top-column elementor-element elementor-element-65714539\" data-id=\"65714539\" data-element_type=\"column\" data-e-type=\"column\">\n\t\t\t<div class=\"elementor-widget-wrap elementor-element-populated\">\n\t\t\t\t\t\t<section class=\"elementor-section elementor-inner-section elementor-element elementor-element-204e782d elementor-section-boxed elementor-section-height-default elementor-section-height-default\" data-id=\"204e782d\" data-element_type=\"section\" data-e-type=\"section\">\n\t\t\t\t\t\t<div class=\"elementor-container elementor-column-gap-default\">\n\t\t\t\t\t<div class=\"elementor-column elementor-col-33 elementor-inner-column elementor-element elementor-element-5fc17f6c animated-slow elementor-invisible\" data-id=\"5fc17f6c\" data-element_type=\"column\" data-e-type=\"column\" data-settings=\"{&quot;animation&quot;:&quot;fadeInUp&quot;,&quot;animation_delay&quot;:200}\">\n\t\t\t<div class=\"elementor-widget-wrap elementor-element-populated\">\n\t\t\t\t\t\t<div class=\"elementor-element elementor-element-21a4596f elementor-widget__width-auto elementor-widget elementor-widget-heading\" data-id=\"21a4596f\" data-element_type=\"widget\" data-e-type=\"widget\" data-widget_type=\"heading.default\">\n\t\t\t\t\t<span class=\"elementor-heading-title elementor-size-default\">Per un indeterminato<\/span>\t\t\t\t<\/div>\n\t\t\t\t<div class=\"elementor-element elementor-element-5464091b elementor-widget elementor-widget-heading\" data-id=\"5464091b\" data-element_type=\"widget\" data-e-type=\"widget\" data-widget_type=\"heading.default\">\n\t\t\t\t\t<h4 class=\"elementor-heading-title elementor-size-default\">Autista di camion<\/h4>\t\t\t\t<\/div>\n\t\t\t\t<div class=\"elementor-element elementor-element-65fc5aa4 elementor-widget elementor-widget-text-editor\" data-id=\"65fc5aa4\" data-element_type=\"widget\" data-e-type=\"widget\" data-widget_type=\"text-editor.default\">\n\t\t\t\t\t\t\t\t\t<p>Lavorare all'interno degli Stati membri dell'UE, week-end gratuiti, indennit\u00e0 giornaliere<\/p>\t\t\t\t\t\t\t\t<\/div>\n\t\t\t\t<div class=\"elementor-element elementor-element-190336e5 elementor-widget elementor-widget-button\" data-id=\"190336e5\" data-element_type=\"widget\" data-e-type=\"widget\" data-widget_type=\"button.default\">\n\t\t\t\t\t\t\t\t\t\t<a class=\"elementor-button elementor-button-link elementor-size-sm\" href=\"#\">\n\t\t\t\t\t\t<span class=\"elementor-button-content-wrapper\">\n\t\t\t\t\t\t<span class=\"elementor-button-icon\">\n\t\t\t\t<svg aria-hidden=\"true\" class=\"e-font-icon-svg e-far-paper-plane\" viewbox=\"0 0 512 512\" xmlns=\"http:\/\/www.w3.org\/2000\/svg\"><path d=\"M440 6.5L24 246.4c-34.4 19.9-31.1 70.8 5.7 85.9L144 379.6V464c0 46.4 59.2 65.5 86.6 28.6l43.8-59.1 111.9 46.2c5.9 2.4 12.1 3.6 18.3 3.6 8.2 0 16.3-2.1 23.6-6.2 12.8-7.2 21.6-20 23.9-34.5l59.4-387.2c6.1-40.1-36.9-68.8-71.5-48.9zM192 464v-64.6l36.6 15.1L192 464zm212.6-28.7l-153.8-63.5L391 169.5c10.7-15.5-9.5-33.5-23.7-21.2L155.8 332.6 48 288 464 48l-59.4 387.3z\"><\/path><\/svg>\t\t\t<\/span>\n\t\t\t\t\t\t\t\t\t<span class=\"elementor-button-text\">Iscriviti<\/span>\n\t\t\t\t\t<\/span>\n\t\t\t\t\t<\/a>\n\t\t\t\t\t\t\t\t<\/div>\n\t\t\t\t\t<\/div>\n\t\t<\/div>\n\t\t\t\t<div class=\"elementor-column elementor-col-33 elementor-inner-column elementor-element elementor-element-738d8be0 animated-slow elementor-invisible\" data-id=\"738d8be0\" data-element_type=\"column\" data-e-type=\"column\" data-settings=\"{&quot;animation&quot;:&quot;fadeInUp&quot;,&quot;animation_delay&quot;:400}\">\n\t\t\t<div class=\"elementor-widget-wrap elementor-element-populated\">\n\t\t\t\t\t\t<div class=\"elementor-element elementor-element-4da0434e elementor-widget__width-auto elementor-widget elementor-widget-heading\" data-id=\"4da0434e\" data-element_type=\"widget\" data-e-type=\"widget\" data-widget_type=\"heading.default\">\n\t\t\t\t\t<span class=\"elementor-heading-title elementor-size-default\">Per uno specifico<\/span>\t\t\t\t<\/div>\n\t\t\t\t<div class=\"elementor-element elementor-element-766d8e5 elementor-widget elementor-widget-heading\" data-id=\"766d8e5\" data-element_type=\"widget\" data-e-type=\"widget\" data-widget_type=\"heading.default\">\n\t\t\t\t\t<h4 class=\"elementor-heading-title elementor-size-default\">Meccanico<\/h4>\t\t\t\t<\/div>\n\t\t\t\t<div class=\"elementor-element elementor-element-7fd46e92 elementor-widget elementor-widget-text-editor\" data-id=\"7fd46e92\" data-element_type=\"widget\" data-e-type=\"widget\" data-widget_type=\"text-editor.default\">\n\t\t\t\t\t\t\t\t\t<p>Lavori presso Velika Ves 61, 49000 Krapina<\/p>\t\t\t\t\t\t\t\t<\/div>\n\t\t\t\t<div class=\"elementor-element elementor-element-335b19e8 elementor-widget elementor-widget-button\" data-id=\"335b19e8\" data-element_type=\"widget\" data-e-type=\"widget\" data-widget_type=\"button.default\">\n\t\t\t\t\t\t\t\t\t\t<a class=\"elementor-button elementor-button-link elementor-size-sm\" href=\"#\">\n\t\t\t\t\t\t<span class=\"elementor-button-content-wrapper\">\n\t\t\t\t\t\t<span class=\"elementor-button-icon\">\n\t\t\t\t<svg aria-hidden=\"true\" class=\"e-font-icon-svg e-far-paper-plane\" viewbox=\"0 0 512 512\" xmlns=\"http:\/\/www.w3.org\/2000\/svg\"><path d=\"M440 6.5L24 246.4c-34.4 19.9-31.1 70.8 5.7 85.9L144 379.6V464c0 46.4 59.2 65.5 86.6 28.6l43.8-59.1 111.9 46.2c5.9 2.4 12.1 3.6 18.3 3.6 8.2 0 16.3-2.1 23.6-6.2 12.8-7.2 21.6-20 23.9-34.5l59.4-387.2c6.1-40.1-36.9-68.8-71.5-48.9zM192 464v-64.6l36.6 15.1L192 464zm212.6-28.7l-153.8-63.5L391 169.5c10.7-15.5-9.5-33.5-23.7-21.2L155.8 332.6 48 288 464 48l-59.4 387.3z\"><\/path><\/svg>\t\t\t<\/span>\n\t\t\t\t\t\t\t\t\t<span class=\"elementor-button-text\">Iscriviti<\/span>\n\t\t\t\t\t<\/span>\n\t\t\t\t\t<\/a>\n\t\t\t\t\t\t\t\t<\/div>\n\t\t\t\t\t<\/div>\n\t\t<\/div>\n\t\t\t\t<div class=\"elementor-column elementor-col-33 elementor-inner-column elementor-element elementor-element-73bca48e animated-slow elementor-invisible\" data-id=\"73bca48e\" data-element_type=\"column\" data-e-type=\"column\" data-settings=\"{&quot;animation&quot;:&quot;fadeInUp&quot;,&quot;animation_delay&quot;:600}\">\n\t\t\t<div class=\"elementor-widget-wrap elementor-element-populated\">\n\t\t\t\t\t\t<div class=\"elementor-element elementor-element-5ddc29d6 elementor-widget__width-auto elementor-widget elementor-widget-heading\" data-id=\"5ddc29d6\" data-element_type=\"widget\" data-e-type=\"widget\" data-widget_type=\"heading.default\">\n\t\t\t\t\t<span class=\"elementor-heading-title elementor-size-default\">Per un indeterminato<\/span>\t\t\t\t<\/div>\n\t\t\t\t<div class=\"elementor-element elementor-element-7a76a9d4 elementor-widget elementor-widget-heading\" data-id=\"7a76a9d4\" data-element_type=\"widget\" data-e-type=\"widget\" data-widget_type=\"heading.default\">\n\t\t\t\t\t<h4 class=\"elementor-heading-title elementor-size-default\">Amministrazione<\/h4>\t\t\t\t<\/div>\n\t\t\t\t<div class=\"elementor-element elementor-element-69747060 elementor-widget elementor-widget-text-editor\" data-id=\"69747060\" data-element_type=\"widget\" data-e-type=\"widget\" data-widget_type=\"text-editor.default\">\n\t\t\t\t\t\t\t\t\t<p>Lavori presso Velika Ves 61, 49000 Krapina<\/p>\t\t\t\t\t\t\t\t<\/div>\n\t\t\t\t<div class=\"elementor-element elementor-element-75472992 elementor-widget elementor-widget-button\" data-id=\"75472992\" data-element_type=\"widget\" data-e-type=\"widget\" data-widget_type=\"button.default\">\n\t\t\t\t\t\t\t\t\t\t<a class=\"elementor-button elementor-button-link elementor-size-sm\" href=\"#\">\n\t\t\t\t\t\t<span class=\"elementor-button-content-wrapper\">\n\t\t\t\t\t\t<span class=\"elementor-button-icon\">\n\t\t\t\t<svg aria-hidden=\"true\" class=\"e-font-icon-svg e-far-paper-plane\" viewbox=\"0 0 512 512\" xmlns=\"http:\/\/www.w3.org\/2000\/svg\"><path d=\"M440 6.5L24 246.4c-34.4 19.9-31.1 70.8 5.7 85.9L144 379.6V464c0 46.4 59.2 65.5 86.6 28.6l43.8-59.1 111.9 46.2c5.9 2.4 12.1 3.6 18.3 3.6 8.2 0 16.3-2.1 23.6-6.2 12.8-7.2 21.6-20 23.9-34.5l59.4-387.2c6.1-40.1-36.9-68.8-71.5-48.9zM192 464v-64.6l36.6 15.1L192 464zm212.6-28.7l-153.8-63.5L391 169.5c10.7-15.5-9.5-33.5-23.7-21.2L155.8 332.6 48 288 464 48l-59.4 387.3z\"><\/path><\/svg>\t\t\t<\/span>\n\t\t\t\t\t\t\t\t\t<span class=\"elementor-button-text\">Iscriviti<\/span>\n\t\t\t\t\t<\/span>\n\t\t\t\t\t<\/a>\n\t\t\t\t\t\t\t\t<\/div>\n\t\t\t\t\t<\/div>\n\t\t<\/div>\n\t\t\t\t\t<\/div>\n\t\t<\/section>\n\t\t\t\t\t<\/div>\n\t\t<\/div>\n\t\t\t\t\t<\/div>\n\t\t<\/section>\n\t\t\t\t<\/div>","protected":false},"excerpt":{"rendered":"<p>Su alcuni lavori meccanici all'indirizzo Velika Ves 61, 49000 Krapina Applicare su lavori amministrativi a tempo indeterminato all'indirizzo Velika Ves 61, 49000 Krapina Applicare su lavori amministrativi a tempo indeterminato all'indirizzo Velika Ves 61, 49000 Krapina Applicare<\/p>","protected":false},"author":1,"featured_media":0,"parent":0,"menu_order":0,"comment_status":"closed","ping_status":"closed","template":"","meta":{"footnotes":""},"class_list":["post-209","page","type-page","status-publish","hentry"],"yoast_head":"<!-- This site is optimized with the Yoast SEO plugin v27.1.1 - https:\/\/yoast.com\/product\/yoast-seo-wordpress\/ -->\n<title>Karijera - Auto \u010cavelj<\/title>\n<meta name=\"robots\" content=\"index, follow, max-snippet:-1, max-image-preview:large, max-video-preview:-1\" \/>\n<link rel=\"canonical\" href=\"https:\/\/autocavelj.com\/it\/karijera\/\" \/>\n<meta property=\"og:locale\" content=\"it_IT\" \/>\n<meta property=\"og:type\" content=\"article\" \/>\n<meta property=\"og:title\" content=\"Karijera - Auto \u010cavelj\" \/>\n<meta property=\"og:description\" content=\"Na neodre\u0111eno Voza\u010d kamiona Rad unutar \u010dlanica EU, vikendi slobodni, dnevnice Prijavi se Na odre\u0111eno Mehani\u010dar Rad na adresi Velika Ves 61, 49000 Krapina Prijavi se Na neodre\u0111eno Administracija Rad na adresi Velika Ves 61, 49000 Krapina Prijavi se\" \/>\n<meta property=\"og:url\" content=\"https:\/\/autocavelj.com\/it\/karijera\/\" \/>\n<meta property=\"og:site_name\" content=\"Auto \u010cavelj\" \/>\n<meta property=\"article:modified_time\" content=\"2026-03-05T18:22:47+00:00\" \/>\n<meta name=\"twitter:card\" content=\"summary_large_image\" \/>\n<meta name=\"twitter:label1\" content=\"Est. reading time\" \/>\n\t<meta name=\"twitter:data1\" content=\"1 minute\" \/>\n<script type=\"application\/ld+json\" class=\"yoast-schema-graph\">{\"@context\":\"https:\/\/schema.org\",\"@graph\":[{\"@type\":\"WebPage\",\"@id\":\"https:\/\/autocavelj.com\/karijera\/\",\"url\":\"https:\/\/autocavelj.com\/karijera\/\",\"name\":\"Karijera - Auto \u010cavelj\",\"isPartOf\":{\"@id\":\"https:\/\/autocavelj.com\/#website\"},\"datePublished\":\"2026-02-23T18:14:49+00:00\",\"dateModified\":\"2026-03-05T18:22:47+00:00\",\"breadcrumb\":{\"@id\":\"https:\/\/autocavelj.com\/karijera\/#breadcrumb\"},\"inLanguage\":\"it-IT\",\"potentialAction\":[{\"@type\":\"ReadAction\",\"target\":[\"https:\/\/autocavelj.com\/karijera\/\"]}]},{\"@type\":\"BreadcrumbList\",\"@id\":\"https:\/\/autocavelj.com\/karijera\/#breadcrumb\",\"itemListElement\":[{\"@type\":\"ListItem\",\"position\":1,\"name\":\"Auto \u010cavelj\",\"item\":\"https:\/\/autocavelj.com\/\"},{\"@type\":\"ListItem\",\"position\":2,\"name\":\"Karijera\"}]},{\"@type\":\"WebSite\",\"@id\":\"https:\/\/autocavelj.com\/#website\",\"url\":\"https:\/\/autocavelj.com\/\",\"name\":\"Auto \u010cavelj\",\"description\":\"\",\"publisher\":{\"@id\":\"https:\/\/autocavelj.com\/#organization\"},\"potentialAction\":[{\"@type\":\"SearchAction\",\"target\":{\"@type\":\"EntryPoint\",\"urlTemplate\":\"https:\/\/autocavelj.com\/?s={search_term_string}\"},\"query-input\":{\"@type\":\"PropertyValueSpecification\",\"valueRequired\":true,\"valueName\":\"search_term_string\"}}],\"inLanguage\":\"it-IT\"},{\"@type\":\"Organization\",\"@id\":\"https:\/\/autocavelj.com\/#organization\",\"name\":\"Auto \u010cavelj\",\"url\":\"https:\/\/autocavelj.com\/\",\"logo\":{\"@type\":\"ImageObject\",\"inLanguage\":\"it-IT\",\"@id\":\"https:\/\/autocavelj.com\/#\/schema\/logo\/image\/\",\"url\":\"https:\/\/autocavelj.com\/wp-content\/uploads\/2026\/02\/autocavelj-logo.png\",\"contentUrl\":\"https:\/\/autocavelj.com\/wp-content\/uploads\/2026\/02\/autocavelj-logo.png\",\"width\":2002,\"height\":277,\"caption\":\"Auto \u010cavelj\"},\"image\":{\"@id\":\"https:\/\/autocavelj.com\/#\/schema\/logo\/image\/\"}}]}<\/script>\n<!-- \/ Yoast SEO plugin. -->","yoast_head_json":{"title":"Karijera - Auto \u010cavelj","robots":{"index":"index","follow":"follow","max-snippet":"max-snippet:-1","max-image-preview":"max-image-preview:large","max-video-preview":"max-video-preview:-1"},"canonical":"https:\/\/autocavelj.com\/it\/karijera\/","og_locale":"it_IT","og_type":"article","og_title":"Karijera - Auto \u010cavelj","og_description":"Na neodre\u0111eno Voza\u010d kamiona Rad unutar \u010dlanica EU, vikendi slobodni, dnevnice Prijavi se Na odre\u0111eno Mehani\u010dar Rad na adresi Velika Ves 61, 49000 Krapina Prijavi se Na neodre\u0111eno Administracija Rad na adresi Velika Ves 61, 49000 Krapina Prijavi se","og_url":"https:\/\/autocavelj.com\/it\/karijera\/","og_site_name":"Auto \u010cavelj","article_modified_time":"2026-03-05T18:22:47+00:00","twitter_card":"summary_large_image","twitter_misc":{"Est. reading time":"1 minute"},"schema":{"@context":"https:\/\/schema.org","@graph":[{"@type":"WebPage","@id":"https:\/\/autocavelj.com\/karijera\/","url":"https:\/\/autocavelj.com\/karijera\/","name":"Karijera - Auto \u010cavelj","isPartOf":{"@id":"https:\/\/autocavelj.com\/#website"},"datePublished":"2026-02-23T18:14:49+00:00","dateModified":"2026-03-05T18:22:47+00:00","breadcrumb":{"@id":"https:\/\/autocavelj.com\/karijera\/#breadcrumb"},"inLanguage":"it-IT","potentialAction":[{"@type":"ReadAction","target":["https:\/\/autocavelj.com\/karijera\/"]}]},{"@type":"BreadcrumbList","@id":"https:\/\/autocavelj.com\/karijera\/#breadcrumb","itemListElement":[{"@type":"ListItem","position":1,"name":"Auto \u010cavelj","item":"https:\/\/autocavelj.com\/"},{"@type":"ListItem","position":2,"name":"Karijera"}]},{"@type":"WebSite","@id":"https:\/\/autocavelj.com\/#website","url":"https:\/\/autocavelj.com\/","name":"Auto \u010cavelj","description":"","publisher":{"@id":"https:\/\/autocavelj.com\/#organization"},"potentialAction":[{"@type":"SearchAction","target":{"@type":"EntryPoint","urlTemplate":"https:\/\/autocavelj.com\/?s={search_term_string}"},"query-input":{"@type":"PropertyValueSpecification","valueRequired":true,"valueName":"search_term_string"}}],"inLanguage":"it-IT"},{"@type":"Organization","@id":"https:\/\/autocavelj.com\/#organization","name":"Auto \u010cavelj","url":"https:\/\/autocavelj.com\/","logo":{"@type":"ImageObject","inLanguage":"it-IT","@id":"https:\/\/autocavelj.com\/#\/schema\/logo\/image\/","url":"https:\/\/autocavelj.com\/wp-content\/uploads\/2026\/02\/autocavelj-logo.png","contentUrl":"https:\/\/autocavelj.com\/wp-content\/uploads\/2026\/02\/autocavelj-logo.png","width":2002,"height":277,"caption":"Auto \u010cavelj"},"image":{"@id":"https:\/\/autocavelj.com\/#\/schema\/logo\/image\/"}}]}},"jetpack_sharing_enabled":true,"_links":{"self":[{"href":"https:\/\/autocavelj.com\/it\/wp-json\/wp\/v2\/pages\/209","targetHints":{"allow":["GET"]}}],"collection":[{"href":"https:\/\/autocavelj.com\/it\/wp-json\/wp\/v2\/pages"}],"about":[{"href":"https:\/\/autocavelj.com\/it\/wp-json\/wp\/v2\/types\/page"}],"author":[{"embeddable":true,"href":"https:\/\/autocavelj.com\/it\/wp-json\/wp\/v2\/users\/1"}],"replies":[{"embeddable":true,"href":"https:\/\/autocavelj.com\/it\/wp-json\/wp\/v2\/comments?post=209"}],"version-history":[{"count":13,"href":"https:\/\/autocavelj.com\/it\/wp-json\/wp\/v2\/pages\/209\/revisions"}],"predecessor-version":[{"id":650,"href":"https:\/\/autocavelj.com\/it\/wp-json\/wp\/v2\/pages\/209\/revisions\/650"}],"wp:attachment":[{"href":"https:\/\/autocavelj.com\/it\/wp-json\/wp\/v2\/media?parent=209"}],"curies":[{"name":"wp","href":"https:\/\/api.w.org\/{rel}","templated":true}]}}